{"id":1508,"date":"2023-11-13T17:19:29","date_gmt":"2023-11-13T16:19:29","guid":{"rendered":"https:\/\/restaurantdo.es\/declaracio-daccessibilitat\/"},"modified":"2023-11-22T18:48:10","modified_gmt":"2023-11-22T17:48:10","slug":"declaracio-daccessibilitat","status":"publish","type":"page","link":"https:\/\/restaurantdo.es\/ca\/declaracio-daccessibilitat\/","title":{"rendered":"Declaraci\u00f3 d\u2019accessibilitat"},"content":{"rendered":"\t\t<div data-elementor-type=\"wp-page\" data-elementor-id=\"1508\" class=\"elementor elementor-1508 elementor-1489\" data-elementor-post-type=\"page\">\n\t\t\t\t\t\t\t<div class=\"elementor-element elementor-element-4d7f350 e-flex e-con-boxed e-con e-parent\" data-id=\"4d7f350\" data-element_type=\"container\" data-settings=\"{&quot;content_width&quot;:&quot;boxed&quot;}\" data-core-v316-plus=\"true\">\n\t\t\t\t\t<div class=\"e-con-inner\">\n\t\t\t\t<div class=\"elementor-element elementor-element-6cadc47 elementor-widget elementor-widget-heading\" data-id=\"6cadc47\" data-element_type=\"widget\" data-widget_type=\"heading.default\">\n\t\t\t\t<div class=\"elementor-widget-container\">\n\t\t\t<style>\/*! elementor - v3.17.0 - 08-11-2023 *\/\n.elementor-heading-title{padding:0;margin:0;line-height:1}.elementor-widget-heading .elementor-heading-title[class*=elementor-size-]>a{color:inherit;font-size:inherit;line-height:inherit}.elementor-widget-heading .elementor-heading-title.elementor-size-small{font-size:15px}.elementor-widget-heading .elementor-heading-title.elementor-size-medium{font-size:19px}.elementor-widget-heading .elementor-heading-title.elementor-size-large{font-size:29px}.elementor-widget-heading .elementor-heading-title.elementor-size-xl{font-size:39px}.elementor-widget-heading .elementor-heading-title.elementor-size-xxl{font-size:59px}<\/style><h1 class=\"elementor-heading-title elementor-size-default\">Declaraci\u00f3 d\u2019accessibilitat<\/h1>\t\t<\/div>\n\t\t\t\t<\/div>\n\t\t\t\t<div class=\"elementor-element elementor-element-ae366af elementor-widget elementor-widget-text-editor\" data-id=\"ae366af\" data-element_type=\"widget\" data-widget_type=\"text-editor.default\">\n\t\t\t\t<div class=\"elementor-widget-container\">\n\t\t\t<style>\/*! elementor - v3.17.0 - 08-11-2023 *\/\n.elementor-widget-text-editor.elementor-drop-cap-view-stacked .elementor-drop-cap{background-color:#69727d;color:#fff}.elementor-widget-text-editor.elementor-drop-cap-view-framed .elementor-drop-cap{color:#69727d;border:3px solid;background-color:transparent}.elementor-widget-text-editor:not(.elementor-drop-cap-view-default) .elementor-drop-cap{margin-top:8px}.elementor-widget-text-editor:not(.elementor-drop-cap-view-default) .elementor-drop-cap-letter{width:1em;height:1em}.elementor-widget-text-editor .elementor-drop-cap{float:left;text-align:center;line-height:1;font-size:50px}.elementor-widget-text-editor .elementor-drop-cap-letter{display:inline-block}<\/style>\t\t\t\t<p>DO s\u2019ha comprom\u00e8s a fer accessible els seus lloc web de conformitat amb el Reial decret 1112\/2018, de 7 de setembre, sobre accessibilitat dels llocs web i aplicacions per a dispositius m\u00f2bils del sector p\u00fablic (d\u2019ara endavant, RD 1112\/2018, de 7 de setembre).<\/p>\n<p>La present declaraci\u00f3 d\u2019accessibilitat s\u2019aplica al lloc web https:\/\/restaurantdo.es\/, excloent els continguts incrustats provinents d\u2019altres dominis.<\/p>\n<p><strong>SITUACI\u00d3 DE COMPLIMENT<\/strong><br \/>Aquest lloc web \u00e9s parcialment conforme amb l\u2019RD 1112\/2018, de 7 de setembre, a causa de les excepcions i a la falta de conformitat dels aspectes que s\u2019indiquen a continuaci\u00f3.<\/p>\n<p><strong>CONTINGUT NO ACCESSIBLE<\/strong><br \/>El contingut que es recull a continuaci\u00f3 no \u00e9s accessible pel seg\u00fcent:<\/p>\n<p>1.- Falta de conformitat amb RD 1112\/2018:<\/p>\n<p>Pel fet que s\u2019utilitza un gestor de continguts i existeixen diferents usuaris actualitzant i creant continguts nous, podrien existir fallades puntuals d\u2019edici\u00f3 en alguna p\u00e0gina web, tant en continguts HTML com en documents finals. No obstant aix\u00f2, existeix el comprom\u00eds de revisi\u00f3 peri\u00f2dica i de solucionar els problemes notificats pels usuaris.<br \/>Pot haver contingut extern, com els components de Facebook, Twitter, YouTube o Google Maps, que no compleixen completament amb els criteris d\u2019accessibilitat.<br \/>\u2022 Pot haver-hi alguna p\u00e0gina on part del contingut pot presentar-se amb p\u00e8rdua d\u2019informaci\u00f3 o funcionalitat, necessitant fer scroll en dues dimensions [criteri d\u2019\u00e8xit 1.4.10]. [criterio de \u00e9xito 1.4.10]. <br \/>2.- C\u00e0rrega desproporcionada: No aplica<\/p>\n<p>3.- El contingut no entra dins de l\u2019\u00e0mbit de la legislaci\u00f3 aplicable: podrien existir arxius ofim\u00e0tics en PDF o altres formats publicats abans del 20 de setembre de 2018 que no compleixin \u00edntegrament tots els requisits d\u2019accessibilitat.<\/p>\n<p><strong>PREPARACI\u00d3 DE LA PRESENT DECLARACI\u00d3 D\u2019ACCESSIBILITAT<\/strong><br \/>La present declaraci\u00f3 va ser preparada el 15 de febrer de 2023.<\/p>\n<p>El m\u00e8tode emprat per a preparar la declaraci\u00f3 ha estat una autoavaluaci\u00f3 duta a terme pel responsable d\u2019accessibilitat.<\/p>\n<p>\u00daltima revisi\u00f3 de la declaraci\u00f3: 15 de febrer de 2023.<\/p>\n<p><strong>OBSERVACIONS I DADES DE CONTACTE<\/strong><br \/>Pot realitzar comunicacions sobre requisits d\u2019accessibilitat (article 10.2.a) del Reial decret 1112\/2018, de 7 de setembre) com, per exemple:<\/p>\n<p>Informar sobre qualsevol possible incompliment per part d\u2019aquest lloc web.<br \/>Transmetre altres dificultats d\u2019acc\u00e9s al contingut.<br \/>Formular qualsevol altra consulta o suggeriment de millora relativa a l\u2019accessibilitat del lloc web.<br \/>Utilitzant les seg\u00fcents vies:<\/p>\n<p>Formulari de contacte de la p\u00e0gina web<br \/>Correu electr\u00f2nic: hola@restaurantdo.es<br \/>Tel\u00e8fon: 938 41 85 80<\/p>\n<p><strong>PROCEDIMENT D\u2019APLICACI\u00d3<\/strong><br \/>A trav\u00e9s d\u2019aquest procediment podr\u00e0 iniciar una reclamaci\u00f3 per a con\u00e8ixer i oposar-se als motius de la desestimaci\u00f3 d\u2019una sol\u00b7licitud d\u2019informaci\u00f3 accessible o queixa, instar l\u2019adopci\u00f3 de les mesures oportunes en el cas de no estar d\u2019acord amb la decisi\u00f3 adoptada, o exposar les raons per les quals es considera que la resposta no compleix amb els requisits exigits.<\/p>\n<p>Formulari de contacte<\/p>\n<p><strong>CONTINGUT OPCIONAL<\/strong><br \/>La versi\u00f3 actualment visible d\u2019aquest lloc web \u00e9s de febrer de 2023.<\/p>\n<p>A partir d\u2019aquesta data es duen a terme revisions parcials dels continguts, tant de les plantilles com de les p\u00e0gines i documents finals publicats, a fi d\u2019assegurar el compliment dels requeriments d\u2019accessibilitat que actualment s\u00f3n els d\u2019i AA de la norma WCAG 2.1, considerant les excepcions del Reial decret 1112\/2018, de 7 de setembre.<\/p>\n<p><strong>GRAND\u00c0RIA DEL TEXT<\/strong><br \/>A fi de prestar un millor servei, SIMM emmagatzema en l\u2019ordinador de l\u2019Usuari petits fitxers d\u2019informaci\u00f3 denominats cookies. Per a m\u00e9s informaci\u00f3 sobre les cookies i la seva configuraci\u00f3 accedeixi a la nostra Pol\u00edtica de Cookies.<\/p>\n<p>Google Chrome \/ Edge: Obrir men\u00fa &gt; Zoom<\/p>\n<p>Mozilla Firefox: Obrir men\u00fa &gt; Tamany<\/p>\n<p>Internet Explorer: Veure &gt; Tamany del text &gt; Gran o Molt Gran<\/p>\n<p>Opera: View &gt; Zoom &gt; %<\/p>\n<p>Safari: View &gt; Make text bigger<\/p>\n\t\t\t\t\t\t<\/div>\n\t\t\t\t<\/div>\n\t\t\t\t\t<\/div>\n\t\t\t\t<\/div>\n\t\t\t\t\t\t\t<\/div>\n\t\t","protected":false},"excerpt":{"rendered":"<p>Declaraci\u00f3 d\u2019accessibilitat DO s\u2019ha comprom\u00e8s a fer accessible els seus lloc web de conformitat amb el Reial decret 1112\/2018, de 7 de setembre, sobre accessibilitat dels llocs web i aplicacions per a dispositius m\u00f2bils del sector p\u00fablic (d\u2019ara endavant, RD 1112\/2018, de 7 de setembre). La present declaraci\u00f3 d\u2019accessibilitat s\u2019aplica al lloc web https:\/\/restaurantdo.es\/, excloent &#8230;<\/p>\n","protected":false},"author":2,"featured_media":0,"parent":0,"menu_order":99,"comment_status":"closed","ping_status":"closed","template":"template-wide-content.php","meta":{"patiotime_single_page_hide_site_header":"","patiotime_single_page_site_header_source":"","patiotime_single_page_custom_site_header":"0","patiotime_single_page_custom_sticky_site_header":"0","patiotime_single_page_hide_page_title":"on","patiotime_single_page_header_section_size":"","patiotime_single_page_header_background_color":"","patiotime_single_page_header_background_position_x":"center","patiotime_single_page_header_background_position_y":"center","patiotime_single_page_header_background_size":"cover","patiotime_single_page_header_background_repeat":"off","patiotime_single_page_header_background_scroll":"on","patiotime_single_page_header_text_color":"","patiotime_single_page_header_show_breadcrumb":"","patiotime_single_page_site_footer_hide_main":"","patiotime_single_custom_site_footer_main_source":"","patiotime_single_custom_site_footer_main":"0","patiotime_single_page_site_footer_hide_above":"","patiotime_single_custom_site_footer_above_source":"","patiotime_single_custom_site_footer_above":"0","patiotime_single_page_site_footer_hide_instagram":"","patiotime_single_page_site_footer_hide_bottom":"","patiotime_single_custom_mobile_menu_source":"","patiotime_single_custom_mobile_menu":"0","patiotime_single_custom_mobile_menu_animation":"","patiotime_single_custom_mobile_menu_width":"","patiotime_single_custom_mobile_menu_custom_width":375,"footnotes":""},"class_list":["post-1508","page","type-page","status-publish","hentry"],"yoast_head":"<!-- This site is optimized with the Yoast SEO plugin v21.5 - https:\/\/yoast.com\/wordpress\/plugins\/seo\/ -->\n<title>Declaraci\u00f3 d\u2019accessibilitat - Restaurant DO<\/title>\n<meta name=\"robots\" content=\"index, follow, max-snippet:-1, max-image-preview:large, max-video-preview:-1\" \/>\n<link rel=\"canonical\" href=\"https:\/\/restaurantdo.es\/ca\/declaracio-daccessibilitat\/\" \/>\n<meta property=\"og:locale\" content=\"ca_ES\" \/>\n<meta property=\"og:type\" content=\"article\" \/>\n<meta property=\"og:title\" content=\"Declaraci\u00f3 d\u2019accessibilitat - Restaurant DO\" \/>\n<meta property=\"og:description\" content=\"Declaraci\u00f3 d\u2019accessibilitat DO s\u2019ha comprom\u00e8s a fer accessible els seus lloc web de conformitat amb el Reial decret 1112\/2018, de 7 de setembre, sobre accessibilitat dels llocs web i aplicacions per a dispositius m\u00f2bils del sector p\u00fablic (d\u2019ara endavant, RD 1112\/2018, de 7 de setembre). La present declaraci\u00f3 d\u2019accessibilitat s\u2019aplica al lloc web https:\/\/restaurantdo.es\/, excloent ...\" \/>\n<meta property=\"og:url\" content=\"https:\/\/restaurantdo.es\/ca\/declaracio-daccessibilitat\/\" \/>\n<meta property=\"og:site_name\" content=\"Restaurant DO\" \/>\n<meta property=\"article:modified_time\" content=\"2023-11-22T17:48:10+00:00\" \/>\n<meta name=\"twitter:card\" content=\"summary_large_image\" \/>\n<meta name=\"twitter:label1\" content=\"Temps estimat de lectura\" \/>\n\t<meta name=\"twitter:data1\" content=\"4 minuts\" \/>\n<script type=\"application\/ld+json\" class=\"yoast-schema-graph\">{\"@context\":\"https:\/\/schema.org\",\"@graph\":[{\"@type\":\"WebPage\",\"@id\":\"https:\/\/restaurantdo.es\/ca\/declaracio-daccessibilitat\/\",\"url\":\"https:\/\/restaurantdo.es\/ca\/declaracio-daccessibilitat\/\",\"name\":\"Declaraci\u00f3 d\u2019accessibilitat - Restaurant DO\",\"isPartOf\":{\"@id\":\"https:\/\/restaurantdo.es\/ca\/#website\"},\"datePublished\":\"2023-11-13T16:19:29+00:00\",\"dateModified\":\"2023-11-22T17:48:10+00:00\",\"breadcrumb\":{\"@id\":\"https:\/\/restaurantdo.es\/ca\/declaracio-daccessibilitat\/#breadcrumb\"},\"inLanguage\":\"ca\",\"potentialAction\":[{\"@type\":\"ReadAction\",\"target\":[\"https:\/\/restaurantdo.es\/ca\/declaracio-daccessibilitat\/\"]}]},{\"@type\":\"BreadcrumbList\",\"@id\":\"https:\/\/restaurantdo.es\/ca\/declaracio-daccessibilitat\/#breadcrumb\",\"itemListElement\":[{\"@type\":\"ListItem\",\"position\":1,\"name\":\"Portada\",\"item\":\"https:\/\/restaurantdo.es\/ca\/\"},{\"@type\":\"ListItem\",\"position\":2,\"name\":\"Declaraci\u00f3 d\u2019accessibilitat\"}]},{\"@type\":\"WebSite\",\"@id\":\"https:\/\/restaurantdo.es\/ca\/#website\",\"url\":\"https:\/\/restaurantdo.es\/ca\/\",\"name\":\"Restaurante DO | Cocina de mercado y km.0 en Granollers\",\"description\":\"\",\"publisher\":{\"@id\":\"https:\/\/restaurantdo.es\/ca\/#organization\"},\"alternateName\":\"Restaurante DO\",\"potentialAction\":[{\"@type\":\"SearchAction\",\"target\":{\"@type\":\"EntryPoint\",\"urlTemplate\":\"https:\/\/restaurantdo.es\/ca\/?s={search_term_string}\"},\"query-input\":\"required name=search_term_string\"}],\"inLanguage\":\"ca\"},{\"@type\":\"Organization\",\"@id\":\"https:\/\/restaurantdo.es\/ca\/#organization\",\"name\":\"Restaurante DO | Cocina de mercado y km.0 en Granollers\",\"url\":\"https:\/\/restaurantdo.es\/ca\/\",\"logo\":{\"@type\":\"ImageObject\",\"inLanguage\":\"ca\",\"@id\":\"https:\/\/restaurantdo.es\/ca\/#\/schema\/logo\/image\/\",\"url\":\"https:\/\/restaurantdo.es\/wp-content\/uploads\/2023\/11\/logo-marro.png\",\"contentUrl\":\"https:\/\/restaurantdo.es\/wp-content\/uploads\/2023\/11\/logo-marro.png\",\"width\":502,\"height\":302,\"caption\":\"Restaurante DO | Cocina de mercado y km.0 en Granollers\"},\"image\":{\"@id\":\"https:\/\/restaurantdo.es\/ca\/#\/schema\/logo\/image\/\"}}]}<\/script>\n<!-- \/ Yoast SEO plugin. -->","yoast_head_json":{"title":"Declaraci\u00f3 d\u2019accessibilitat - Restaurant DO","robots":{"index":"index","follow":"follow","max-snippet":"max-snippet:-1","max-image-preview":"max-image-preview:large","max-video-preview":"max-video-preview:-1"},"canonical":"https:\/\/restaurantdo.es\/ca\/declaracio-daccessibilitat\/","og_locale":"ca_ES","og_type":"article","og_title":"Declaraci\u00f3 d\u2019accessibilitat - Restaurant DO","og_description":"Declaraci\u00f3 d\u2019accessibilitat DO s\u2019ha comprom\u00e8s a fer accessible els seus lloc web de conformitat amb el Reial decret 1112\/2018, de 7 de setembre, sobre accessibilitat dels llocs web i aplicacions per a dispositius m\u00f2bils del sector p\u00fablic (d\u2019ara endavant, RD 1112\/2018, de 7 de setembre). La present declaraci\u00f3 d\u2019accessibilitat s\u2019aplica al lloc web https:\/\/restaurantdo.es\/, excloent ...","og_url":"https:\/\/restaurantdo.es\/ca\/declaracio-daccessibilitat\/","og_site_name":"Restaurant DO","article_modified_time":"2023-11-22T17:48:10+00:00","twitter_card":"summary_large_image","twitter_misc":{"Temps estimat de lectura":"4 minuts"},"schema":{"@context":"https:\/\/schema.org","@graph":[{"@type":"WebPage","@id":"https:\/\/restaurantdo.es\/ca\/declaracio-daccessibilitat\/","url":"https:\/\/restaurantdo.es\/ca\/declaracio-daccessibilitat\/","name":"Declaraci\u00f3 d\u2019accessibilitat - Restaurant DO","isPartOf":{"@id":"https:\/\/restaurantdo.es\/ca\/#website"},"datePublished":"2023-11-13T16:19:29+00:00","dateModified":"2023-11-22T17:48:10+00:00","breadcrumb":{"@id":"https:\/\/restaurantdo.es\/ca\/declaracio-daccessibilitat\/#breadcrumb"},"inLanguage":"ca","potentialAction":[{"@type":"ReadAction","target":["https:\/\/restaurantdo.es\/ca\/declaracio-daccessibilitat\/"]}]},{"@type":"BreadcrumbList","@id":"https:\/\/restaurantdo.es\/ca\/declaracio-daccessibilitat\/#breadcrumb","itemListElement":[{"@type":"ListItem","position":1,"name":"Portada","item":"https:\/\/restaurantdo.es\/ca\/"},{"@type":"ListItem","position":2,"name":"Declaraci\u00f3 d\u2019accessibilitat"}]},{"@type":"WebSite","@id":"https:\/\/restaurantdo.es\/ca\/#website","url":"https:\/\/restaurantdo.es\/ca\/","name":"Restaurante DO | Cocina de mercado y km.0 en Granollers","description":"","publisher":{"@id":"https:\/\/restaurantdo.es\/ca\/#organization"},"alternateName":"Restaurante DO","potentialAction":[{"@type":"SearchAction","target":{"@type":"EntryPoint","urlTemplate":"https:\/\/restaurantdo.es\/ca\/?s={search_term_string}"},"query-input":"required name=search_term_string"}],"inLanguage":"ca"},{"@type":"Organization","@id":"https:\/\/restaurantdo.es\/ca\/#organization","name":"Restaurante DO | Cocina de mercado y km.0 en Granollers","url":"https:\/\/restaurantdo.es\/ca\/","logo":{"@type":"ImageObject","inLanguage":"ca","@id":"https:\/\/restaurantdo.es\/ca\/#\/schema\/logo\/image\/","url":"https:\/\/restaurantdo.es\/wp-content\/uploads\/2023\/11\/logo-marro.png","contentUrl":"https:\/\/restaurantdo.es\/wp-content\/uploads\/2023\/11\/logo-marro.png","width":502,"height":302,"caption":"Restaurante DO | Cocina de mercado y km.0 en Granollers"},"image":{"@id":"https:\/\/restaurantdo.es\/ca\/#\/schema\/logo\/image\/"}}]}},"_links":{"self":[{"href":"https:\/\/restaurantdo.es\/ca\/wp-json\/wp\/v2\/pages\/1508","targetHints":{"allow":["GET"]}}],"collection":[{"href":"https:\/\/restaurantdo.es\/ca\/wp-json\/wp\/v2\/pages"}],"about":[{"href":"https:\/\/restaurantdo.es\/ca\/wp-json\/wp\/v2\/types\/page"}],"author":[{"embeddable":true,"href":"https:\/\/restaurantdo.es\/ca\/wp-json\/wp\/v2\/users\/2"}],"replies":[{"embeddable":true,"href":"https:\/\/restaurantdo.es\/ca\/wp-json\/wp\/v2\/comments?post=1508"}],"version-history":[{"count":11,"href":"https:\/\/restaurantdo.es\/ca\/wp-json\/wp\/v2\/pages\/1508\/revisions"}],"predecessor-version":[{"id":1660,"href":"https:\/\/restaurantdo.es\/ca\/wp-json\/wp\/v2\/pages\/1508\/revisions\/1660"}],"wp:attachment":[{"href":"https:\/\/restaurantdo.es\/ca\/wp-json\/wp\/v2\/media?parent=1508"}],"curies":[{"name":"wp","href":"https:\/\/api.w.org\/{rel}","templated":true}]}}