{"id":1473,"date":"2022-04-26T07:30:11","date_gmt":"2022-04-26T06:30:11","guid":{"rendered":"https:\/\/restaurantdo.es\/reserves\/"},"modified":"2023-11-22T18:52:26","modified_gmt":"2023-11-22T17:52:26","slug":"reserves","status":"publish","type":"page","link":"https:\/\/restaurantdo.es\/ca\/reserves\/","title":{"rendered":"Reserves"},"content":{"rendered":"\t\t<div data-elementor-type=\"wp-page\" data-elementor-id=\"1473\" class=\"elementor elementor-1473 elementor-1235\" data-elementor-post-type=\"page\">\n\t\t\t\t\t\t\t\t\t<section class=\"elementor-section elementor-top-section elementor-element elementor-element-cc68fbc elementor-section-full_width elementor-section-height-min-height elementor-section-items-stretch elementor-reverse-mobile elementor-section-height-default\" data-id=\"cc68fbc\" data-element_type=\"section\" data-settings=\"{&quot;background_background&quot;:&quot;classic&quot;}\">\n\t\t\t\t\t\t<div class=\"elementor-container elementor-column-gap-no\">\n\t\t\t\t\t<div class=\"elementor-column elementor-col-50 elementor-top-column elementor-element elementor-element-eb1263b\" data-id=\"eb1263b\" data-element_type=\"column\">\n\t\t\t<div class=\"elementor-widget-wrap elementor-element-populated\">\n\t\t\t\t\t\t\t\t<div class=\"elementor-element elementor-element-c278dcf elementor-widget elementor-widget-pt_title\" data-id=\"c278dcf\" data-element_type=\"widget\" data-widget_type=\"pt_title.default\">\n\t\t\t\t<div class=\"elementor-widget-container\">\n\t\t\t\n        <div class=\"pt-title-wrap\">\t            <div class=\"pt-subtitle-wrap\"><span class=\"pt-subtitle color-secondary\">Fer una reserva<\/span><\/div>\t            <h3 class=\"pt-title color-secondary\">\n\t                Reservar una taula\t            <\/h3>\t            <div class=\"pt-title-text\">\n\t                <p>Per a la sol\u00b7licitud de reserves a trav\u00e9s del formulari cal un m\u00ednim de 24-48h. Quan el rebem et trucarem per confirmar la reserva<\/p><p><strong>Tel\u00e8fon de reserves:<\/strong><br \/><a href=\"tel:938418580\">93 841 85 80<\/a>.<\/p><p><strong>Horaris:<\/strong><br \/>Dilluns a dijous 07:00 a 17:00.<br \/>Divendres 07:00 a 17:00 y de 20:00 a 00:00.<br \/>Dissabtes 10:00 a 17:00<\/p>\t            <\/div>        <\/div>\t\t<\/div>\n\t\t\t\t<\/div>\n\t\t\t\t<div class=\"elementor-element elementor-element-be2589a elementor-widget elementor-widget-pt_form_cf7\" data-id=\"be2589a\" data-element_type=\"widget\" data-widget_type=\"pt_form_cf7.default\">\n\t\t\t\t<div class=\"elementor-widget-container\">\n\t\t\t            <div class=\"pt-form-cf7 placeholder-normal\">\n                <div class=\"pt-form-cf7-wrap\">\n<div class=\"wpcf7 no-js\" id=\"wpcf7-f1607-o1\" lang=\"es-ES\" dir=\"ltr\">\n<div class=\"screen-reader-response\"><p role=\"status\" aria-live=\"polite\" aria-atomic=\"true\"><\/p> <ul><\/ul><\/div>\n<form action=\"\/ca\/wp-json\/wp\/v2\/pages\/1473#wpcf7-f1607-o1\" method=\"post\" class=\"wpcf7-form init\" aria-label=\"Formulario de contacto\" novalidate=\"novalidate\" data-status=\"init\">\n<div style=\"display: none;\">\n<input type=\"hidden\" name=\"_wpcf7\" value=\"1607\" \/>\n<input type=\"hidden\" name=\"_wpcf7_version\" value=\"5.8.3\" \/>\n<input type=\"hidden\" name=\"_wpcf7_locale\" value=\"es_ES\" \/>\n<input type=\"hidden\" name=\"_wpcf7_unit_tag\" value=\"wpcf7-f1607-o1\" \/>\n<input type=\"hidden\" name=\"_wpcf7_container_post\" value=\"0\" \/>\n<input type=\"hidden\" name=\"_wpcf7_posted_data_hash\" value=\"\" \/>\n<\/div>\n<p><label> Nombre * (obligatorio)<br \/>\n<span class=\"wpcf7-form-control-wrap\" data-name=\"your-name\"><input size=\"40\" class=\"wpcf7-form-control wpcf7-text wpcf7-validates-as-required\" autocomplete=\"name\" aria-required=\"true\" aria-invalid=\"false\" value=\"\" type=\"text\" name=\"your-name\" \/><\/span> <\/label>\n<\/p>\n<p><label>Email<br \/>\n<span class=\"wpcf7-form-control-wrap\" data-name=\"your-email\"><input size=\"40\" class=\"wpcf7-form-control wpcf7-email wpcf7-text wpcf7-validates-as-email\" autocomplete=\"email\" aria-invalid=\"false\" value=\"\" type=\"email\" name=\"your-email\" \/><\/span> <\/label>\n<\/p>\n<p><label> Tel\u00e9fono * (obligatorio)<br \/>\n<span class=\"wpcf7-form-control-wrap\" data-name=\"your-tfno\"><input size=\"40\" class=\"wpcf7-form-control wpcf7-text wpcf7-validates-as-required\" aria-required=\"true\" aria-invalid=\"false\" value=\"\" type=\"text\" name=\"your-tfno\" \/><\/span> <\/label>\n<\/p>\n<p><label> N\u00famero de comensales * (obligatorio)<br \/>\n<span class=\"wpcf7-form-control-wrap\" data-name=\"comensales\"><input class=\"wpcf7-form-control wpcf7-number wpcf7-validates-as-required wpcf7-validates-as-number\" aria-required=\"true\" aria-invalid=\"false\" value=\"\" type=\"number\" name=\"comensales\" \/><\/span> <\/label>\n<\/p>\n<p><label> D\u00eda de la reserva * (obligatorio)<br \/>\n<span class=\"wpcf7-form-control-wrap\" data-name=\"diareserva\"><input class=\"wpcf7-form-control wpcf7-date wpcf7-validates-as-required wpcf7-validates-as-date\" aria-required=\"true\" aria-invalid=\"false\" value=\"\" type=\"date\" name=\"diareserva\" \/><\/span><br \/>\n<\/label><br \/>\n<label> Horario de la reserva * (obligatorio)<br \/>\n<span class=\"wpcf7-form-control-wrap\" data-name=\"menu-hora\"><select class=\"wpcf7-form-control wpcf7-select wpcf7-validates-as-required\" aria-required=\"true\" aria-invalid=\"false\" name=\"menu-hora\"><option value=\"\">&#8212;Por favor, elige una opci\u00f3n&#8212;<\/option><option value=\"13:00\">13:00<\/option><option value=\"13:15\">13:15<\/option><option value=\"13:30\">13:30<\/option><option value=\"13:45\">13:45<\/option><option value=\"14:00\">14:00<\/option><option value=\"14:15\">14:15<\/option><option value=\"14:30\">14:30<\/option><option value=\"14:45\">14:45<\/option><option value=\"15:00\">15:00<\/option><option value=\"20:00\">20:00<\/option><option value=\"20:15\">20:15<\/option><option value=\"20:30\">20:30<\/option><option value=\"20:45\">20:45<\/option><option value=\"21:00\">21:00<\/option><option value=\"21:15\">21:15<\/option><option value=\"21:30\">21:30<\/option><option value=\"21:45\">21:45<\/option><option value=\"22:00\">22:00<\/option><\/select><\/span><br \/>\n<\/label>\n<\/p>\n<p><input class=\"wpcf7-form-control wpcf7-submit has-spinner\" type=\"submit\" value=\"Solicitar Reserva\" \/>\n<\/p><div class=\"wpcf7-response-output\" aria-hidden=\"true\"><\/div>\n<\/form>\n<\/div>\n<\/div>\n            <\/div>\t\t<\/div>\n\t\t\t\t<\/div>\n\t\t\t\t\t<\/div>\n\t\t<\/div>\n\t\t\t\t<div class=\"elementor-column elementor-col-50 elementor-top-column elementor-element elementor-element-ba2b793\" data-id=\"ba2b793\" data-element_type=\"column\" data-settings=\"{&quot;background_background&quot;:&quot;classic&quot;}\">\n\t\t\t<div class=\"elementor-widget-wrap elementor-element-populated\">\n\t\t\t\t\t\t\t\t<div class=\"elementor-element elementor-element-651d80d elementor-widget elementor-widget-spacer\" data-id=\"651d80d\" data-element_type=\"widget\" data-widget_type=\"spacer.default\">\n\t\t\t\t<div class=\"elementor-widget-container\">\n\t\t\t<style>\/*! elementor - v3.17.0 - 08-11-2023 *\/\n.elementor-column .elementor-spacer-inner{height:var(--spacer-size)}.e-con{--container-widget-width:100%}.e-con-inner>.elementor-widget-spacer,.e-con>.elementor-widget-spacer{width:var(--container-widget-width,var(--spacer-size));--align-self:var(--container-widget-align-self,initial);--flex-shrink:0}.e-con-inner>.elementor-widget-spacer>.elementor-widget-container,.e-con>.elementor-widget-spacer>.elementor-widget-container{height:100%;width:100%}.e-con-inner>.elementor-widget-spacer>.elementor-widget-container>.elementor-spacer,.e-con>.elementor-widget-spacer>.elementor-widget-container>.elementor-spacer{height:100%}.e-con-inner>.elementor-widget-spacer>.elementor-widget-container>.elementor-spacer>.elementor-spacer-inner,.e-con>.elementor-widget-spacer>.elementor-widget-container>.elementor-spacer>.elementor-spacer-inner{height:var(--container-widget-height,var(--spacer-size))}.e-con-inner>.elementor-widget-spacer.elementor-widget-empty,.e-con>.elementor-widget-spacer.elementor-widget-empty{position:relative;min-height:22px;min-width:22px}.e-con-inner>.elementor-widget-spacer.elementor-widget-empty .elementor-widget-empty-icon,.e-con>.elementor-widget-spacer.elementor-widget-empty .elementor-widget-empty-icon{position:absolute;top:0;bottom:0;left:0;right:0;margin:auto;padding:0;width:22px;height:22px}<\/style>\t\t<div class=\"elementor-spacer\">\n\t\t\t<div class=\"elementor-spacer-inner\"><\/div>\n\t\t<\/div>\n\t\t\t\t<\/div>\n\t\t\t\t<\/div>\n\t\t\t\t\t<\/div>\n\t\t<\/div>\n\t\t\t\t\t\t\t<\/div>\n\t\t<\/section>\n\t\t\t\t\t\t\t<\/div>\n\t\t","protected":false},"excerpt":{"rendered":"<p>Fer una reserva Reservar una taula Per a la sol\u00b7licitud de reserves a trav\u00e9s del formulari cal un m\u00ednim de 24-48h. Quan el rebem et trucarem per confirmar la reserva Tel\u00e8fon de reserves:93 841 85 80. Horaris:Dilluns a dijous 07:00 a 17:00.Divendres 07:00 a 17:00 y de 20:00 a 00:00.Dissabtes 10:00 a 17:00 Nombre * &#8230;<\/p>\n","protected":false},"author":2,"featured_media":0,"parent":0,"menu_order":5,"comment_status":"closed","ping_status":"closed","template":"template-wide-content.php","meta":{"patiotime_single_page_hide_site_header":"","patiotime_single_page_site_header_source":"","patiotime_single_page_custom_site_header":"0","patiotime_single_page_custom_sticky_site_header":"0","patiotime_single_page_hide_page_title":"on","patiotime_single_page_header_section_size":"","patiotime_single_page_header_background_color":"","patiotime_single_page_header_background_position_x":"center","patiotime_single_page_header_background_position_y":"center","patiotime_single_page_header_background_size":"cover","patiotime_single_page_header_background_repeat":"off","patiotime_single_page_header_background_scroll":"on","patiotime_single_page_header_text_color":"","patiotime_single_page_header_show_breadcrumb":"","patiotime_single_page_site_footer_hide_main":"","patiotime_single_custom_site_footer_main_source":"","patiotime_single_custom_site_footer_main":"0","patiotime_single_page_site_footer_hide_above":"","patiotime_single_custom_site_footer_above_source":"","patiotime_single_custom_site_footer_above":"0","patiotime_single_page_site_footer_hide_instagram":"","patiotime_single_page_site_footer_hide_bottom":"","patiotime_single_custom_mobile_menu_source":"","patiotime_single_custom_mobile_menu":"0","patiotime_single_custom_mobile_menu_animation":"","patiotime_single_custom_mobile_menu_width":"","patiotime_single_custom_mobile_menu_custom_width":375,"footnotes":""},"class_list":["post-1473","page","type-page","status-publish","hentry"],"yoast_head":"<!-- This site is optimized with the Yoast SEO plugin v21.5 - https:\/\/yoast.com\/wordpress\/plugins\/seo\/ -->\n<title>Reserves - Restaurant DO<\/title>\n<meta name=\"robots\" content=\"index, follow, max-snippet:-1, max-image-preview:large, max-video-preview:-1\" \/>\n<link rel=\"canonical\" href=\"https:\/\/restaurantdo.es\/ca\/reserves\/\" \/>\n<meta property=\"og:locale\" content=\"ca_ES\" \/>\n<meta property=\"og:type\" content=\"article\" \/>\n<meta property=\"og:title\" content=\"Reserves - Restaurant DO\" \/>\n<meta property=\"og:description\" content=\"Fer una reserva Reservar una taula Per a la sol\u00b7licitud de reserves a trav\u00e9s del formulari cal un m\u00ednim de 24-48h. Quan el rebem et trucarem per confirmar la reserva Tel\u00e8fon de reserves:93 841 85 80. Horaris:Dilluns a dijous 07:00 a 17:00.Divendres 07:00 a 17:00 y de 20:00 a 00:00.Dissabtes 10:00 a 17:00 Nombre * ...\" \/>\n<meta property=\"og:url\" content=\"https:\/\/restaurantdo.es\/ca\/reserves\/\" \/>\n<meta property=\"og:site_name\" content=\"Restaurant DO\" \/>\n<meta property=\"article:modified_time\" content=\"2023-11-22T17:52:26+00:00\" \/>\n<meta name=\"twitter:card\" content=\"summary_large_image\" \/>\n<meta name=\"twitter:label1\" content=\"Temps estimat de lectura\" \/>\n\t<meta name=\"twitter:data1\" content=\"1 minut\" \/>\n<script type=\"application\/ld+json\" class=\"yoast-schema-graph\">{\"@context\":\"https:\/\/schema.org\",\"@graph\":[{\"@type\":\"WebPage\",\"@id\":\"https:\/\/restaurantdo.es\/ca\/reserves\/\",\"url\":\"https:\/\/restaurantdo.es\/ca\/reserves\/\",\"name\":\"Reserves - Restaurant DO\",\"isPartOf\":{\"@id\":\"https:\/\/restaurantdo.es\/ca\/#website\"},\"datePublished\":\"2022-04-26T06:30:11+00:00\",\"dateModified\":\"2023-11-22T17:52:26+00:00\",\"breadcrumb\":{\"@id\":\"https:\/\/restaurantdo.es\/ca\/reserves\/#breadcrumb\"},\"inLanguage\":\"ca\",\"potentialAction\":[{\"@type\":\"ReadAction\",\"target\":[\"https:\/\/restaurantdo.es\/ca\/reserves\/\"]}]},{\"@type\":\"BreadcrumbList\",\"@id\":\"https:\/\/restaurantdo.es\/ca\/reserves\/#breadcrumb\",\"itemListElement\":[{\"@type\":\"ListItem\",\"position\":1,\"name\":\"Portada\",\"item\":\"https:\/\/restaurantdo.es\/ca\/\"},{\"@type\":\"ListItem\",\"position\":2,\"name\":\"Reserves\"}]},{\"@type\":\"WebSite\",\"@id\":\"https:\/\/restaurantdo.es\/ca\/#website\",\"url\":\"https:\/\/restaurantdo.es\/ca\/\",\"name\":\"Restaurante DO | Cocina de mercado y km.0 en Granollers\",\"description\":\"\",\"publisher\":{\"@id\":\"https:\/\/restaurantdo.es\/ca\/#organization\"},\"alternateName\":\"Restaurante DO\",\"potentialAction\":[{\"@type\":\"SearchAction\",\"target\":{\"@type\":\"EntryPoint\",\"urlTemplate\":\"https:\/\/restaurantdo.es\/ca\/?s={search_term_string}\"},\"query-input\":\"required name=search_term_string\"}],\"inLanguage\":\"ca\"},{\"@type\":\"Organization\",\"@id\":\"https:\/\/restaurantdo.es\/ca\/#organization\",\"name\":\"Restaurante DO | Cocina de mercado y km.0 en Granollers\",\"url\":\"https:\/\/restaurantdo.es\/ca\/\",\"logo\":{\"@type\":\"ImageObject\",\"inLanguage\":\"ca\",\"@id\":\"https:\/\/restaurantdo.es\/ca\/#\/schema\/logo\/image\/\",\"url\":\"https:\/\/restaurantdo.es\/wp-content\/uploads\/2023\/11\/logo-marro.png\",\"contentUrl\":\"https:\/\/restaurantdo.es\/wp-content\/uploads\/2023\/11\/logo-marro.png\",\"width\":502,\"height\":302,\"caption\":\"Restaurante DO | Cocina de mercado y km.0 en Granollers\"},\"image\":{\"@id\":\"https:\/\/restaurantdo.es\/ca\/#\/schema\/logo\/image\/\"}}]}<\/script>\n<!-- \/ Yoast SEO plugin. -->","yoast_head_json":{"title":"Reserves - Restaurant DO","robots":{"index":"index","follow":"follow","max-snippet":"max-snippet:-1","max-image-preview":"max-image-preview:large","max-video-preview":"max-video-preview:-1"},"canonical":"https:\/\/restaurantdo.es\/ca\/reserves\/","og_locale":"ca_ES","og_type":"article","og_title":"Reserves - Restaurant DO","og_description":"Fer una reserva Reservar una taula Per a la sol\u00b7licitud de reserves a trav\u00e9s del formulari cal un m\u00ednim de 24-48h. Quan el rebem et trucarem per confirmar la reserva Tel\u00e8fon de reserves:93 841 85 80. Horaris:Dilluns a dijous 07:00 a 17:00.Divendres 07:00 a 17:00 y de 20:00 a 00:00.Dissabtes 10:00 a 17:00 Nombre * ...","og_url":"https:\/\/restaurantdo.es\/ca\/reserves\/","og_site_name":"Restaurant DO","article_modified_time":"2023-11-22T17:52:26+00:00","twitter_card":"summary_large_image","twitter_misc":{"Temps estimat de lectura":"1 minut"},"schema":{"@context":"https:\/\/schema.org","@graph":[{"@type":"WebPage","@id":"https:\/\/restaurantdo.es\/ca\/reserves\/","url":"https:\/\/restaurantdo.es\/ca\/reserves\/","name":"Reserves - Restaurant DO","isPartOf":{"@id":"https:\/\/restaurantdo.es\/ca\/#website"},"datePublished":"2022-04-26T06:30:11+00:00","dateModified":"2023-11-22T17:52:26+00:00","breadcrumb":{"@id":"https:\/\/restaurantdo.es\/ca\/reserves\/#breadcrumb"},"inLanguage":"ca","potentialAction":[{"@type":"ReadAction","target":["https:\/\/restaurantdo.es\/ca\/reserves\/"]}]},{"@type":"BreadcrumbList","@id":"https:\/\/restaurantdo.es\/ca\/reserves\/#breadcrumb","itemListElement":[{"@type":"ListItem","position":1,"name":"Portada","item":"https:\/\/restaurantdo.es\/ca\/"},{"@type":"ListItem","position":2,"name":"Reserves"}]},{"@type":"WebSite","@id":"https:\/\/restaurantdo.es\/ca\/#website","url":"https:\/\/restaurantdo.es\/ca\/","name":"Restaurante DO | Cocina de mercado y km.0 en Granollers","description":"","publisher":{"@id":"https:\/\/restaurantdo.es\/ca\/#organization"},"alternateName":"Restaurante DO","potentialAction":[{"@type":"SearchAction","target":{"@type":"EntryPoint","urlTemplate":"https:\/\/restaurantdo.es\/ca\/?s={search_term_string}"},"query-input":"required name=search_term_string"}],"inLanguage":"ca"},{"@type":"Organization","@id":"https:\/\/restaurantdo.es\/ca\/#organization","name":"Restaurante DO | Cocina de mercado y km.0 en Granollers","url":"https:\/\/restaurantdo.es\/ca\/","logo":{"@type":"ImageObject","inLanguage":"ca","@id":"https:\/\/restaurantdo.es\/ca\/#\/schema\/logo\/image\/","url":"https:\/\/restaurantdo.es\/wp-content\/uploads\/2023\/11\/logo-marro.png","contentUrl":"https:\/\/restaurantdo.es\/wp-content\/uploads\/2023\/11\/logo-marro.png","width":502,"height":302,"caption":"Restaurante DO | Cocina de mercado y km.0 en Granollers"},"image":{"@id":"https:\/\/restaurantdo.es\/ca\/#\/schema\/logo\/image\/"}}]}},"_links":{"self":[{"href":"https:\/\/restaurantdo.es\/ca\/wp-json\/wp\/v2\/pages\/1473","targetHints":{"allow":["GET"]}}],"collection":[{"href":"https:\/\/restaurantdo.es\/ca\/wp-json\/wp\/v2\/pages"}],"about":[{"href":"https:\/\/restaurantdo.es\/ca\/wp-json\/wp\/v2\/types\/page"}],"author":[{"embeddable":true,"href":"https:\/\/restaurantdo.es\/ca\/wp-json\/wp\/v2\/users\/2"}],"replies":[{"embeddable":true,"href":"https:\/\/restaurantdo.es\/ca\/wp-json\/wp\/v2\/comments?post=1473"}],"version-history":[{"count":12,"href":"https:\/\/restaurantdo.es\/ca\/wp-json\/wp\/v2\/pages\/1473\/revisions"}],"predecessor-version":[{"id":1672,"href":"https:\/\/restaurantdo.es\/ca\/wp-json\/wp\/v2\/pages\/1473\/revisions\/1672"}],"wp:attachment":[{"href":"https:\/\/restaurantdo.es\/ca\/wp-json\/wp\/v2\/media?parent=1473"}],"curies":[{"name":"wp","href":"https:\/\/api.w.org\/{rel}","templated":true}]}}